{"id":331,"date":"2024-06-15T14:42:26","date_gmt":"2024-06-15T12:42:26","guid":{"rendered":"http:\/\/menschenwesen.net\/home\/?page_id=331"},"modified":"2024-06-15T14:53:33","modified_gmt":"2024-06-15T12:53:33","slug":"wer-wie-wo","status":"publish","type":"page","link":"http:\/\/menschenwesen.net\/home\/wer-wie-wo\/","title":{"rendered":"Wer? Wie? Wo?"},"content":{"rendered":"\n<h2>Wer?<\/h2>\n<p>Beratungen und Coachings biete ich sowohl f\u00fcr Einzelpersonen, als auch f\u00fcr Paare und Familiengruppen an. Supervisionen biete ich f\u00fcr Teams, Gruppen, p\u00e4dagogische Einrichtungen, Institutionen und Vereine an.<\/p>\n<h2>Wie?<\/h2>\n<p>Kontaktieren Sie mich gerne direkt \u00fcber mein <a href=\"http:\/\/menschenwesen.net\/home\/kontakt\/\">Kontaktformular<\/a> oder per E-Mail (kontakt@menschenwesen.net) mit Angabe Ihrer Telefonnummer. F\u00fcgen Sie gerne bereits eine kurze Beschreibung Ihres Anliegens hinzu. Ich melde mich dann zeitnah bei Ihnen. Zun\u00e4chst w\u00fcrde ich mit Ihnen ein unverbindliches Erstgespr\u00e4ch vereinbaren.<\/p>\n<h2>Wo?<\/h2>\n<p>Beratungen und Supervisionen biete ich sowohl online, als auch live an.<\/p>\n<h4>Supervisionen<\/h4>\n<p>Bei internen Supervisionen komme ich gerne in Ihren Betrieb\/Einrichtung. Falls dies nicht m\u00f6glich sein sollte habe ich eine Auswahl an m\u00f6glichen R\u00e4umen im Norden von Hamburg, die ich anmieten k\u00f6nnte. Sprechen Sie mich gerne an, wir finden eine L\u00f6sung!<\/p>\n<p>\u00a0<\/p>\n<h4>Beratungen und Coaching<\/h4>\n<p>In Hamburg Fuhlsb\u00fcttel habe ich R\u00e4umlichkeiten, in denen ich meine Beratungen zeitlich flexibel anbiete. Wir k\u00f6nnen uns jedoch auch bei jeglicher Wetterlage zu einer Beratung beim Spazieren treffen oder in einem Caf\u00e9.<\/p>\n","protected":false},"excerpt":{"rendered":"<p>Wer? Beratungen und Coachings biete ich sowohl f\u00fcr Einzelpersonen, als auch f\u00fcr Paare und Familiengruppen an. Supervisionen biete ich f\u00fcr Teams, Gruppen, p\u00e4dagogische Einrichtungen, Institutionen und Vereine an. Wie? Kontaktieren Sie mich gerne direkt \u00fcber mein Kontaktformular oder per E-Mail <span class=\"readmore\"><a href=\"http:\/\/menschenwesen.net\/home\/wer-wie-wo\/\">Continue Reading &#8230;<\/a><\/span><\/p>\n","protected":false},"author":1,"featured_media":0,"parent":0,"menu_order":0,"comment_status":"closed","ping_status":"closed","template":"","meta":{"_price":"","_stock":"","_tribe_ticket_header":"","_tribe_default_ticket_provider":"","_ticket_start_date":"","_ticket_end_date":"","_tribe_ticket_show_description":"","_tribe_ticket_use_global_stock":"","_tribe_ticket_global_stock_level":"","_global_stock_mode":"","_global_stock_cap":"","_tribe_rsvp_for_event":"","_tribe_ticket_going_count":"","_tribe_ticket_not_going_count":"","_tribe_tickets_list":[],"footnotes":""},"_links":{"self":[{"href":"http:\/\/menschenwesen.net\/home\/wp-json\/wp\/v2\/pages\/331"}],"collection":[{"href":"http:\/\/menschenwesen.net\/home\/wp-json\/wp\/v2\/pages"}],"about":[{"href":"http:\/\/menschenwesen.net\/home\/wp-json\/wp\/v2\/types\/page"}],"author":[{"embeddable":true,"href":"http:\/\/menschenwesen.net\/home\/wp-json\/wp\/v2\/users\/1"}],"replies":[{"embeddable":true,"href":"http:\/\/menschenwesen.net\/home\/wp-json\/wp\/v2\/comments?post=331"}],"version-history":[{"count":3,"href":"http:\/\/menschenwesen.net\/home\/wp-json\/wp\/v2\/pages\/331\/revisions"}],"predecessor-version":[{"id":336,"href":"http:\/\/menschenwesen.net\/home\/wp-json\/wp\/v2\/pages\/331\/revisions\/336"}],"wp:attachment":[{"href":"http:\/\/menschenwesen.net\/home\/wp-json\/wp\/v2\/media?parent=331"}],"curies":[{"name":"wp","href":"https:\/\/api.w.org\/{rel}","templated":true}]}}