{"id":270,"date":"2024-06-01T15:19:42","date_gmt":"2024-06-01T13:19:42","guid":{"rendered":"http:\/\/menschenwesen.net\/home\/?page_id=270"},"modified":"2024-06-15T14:28:36","modified_gmt":"2024-06-15T12:28:36","slug":"ueber-mich","status":"publish","type":"page","link":"https:\/\/menschenwesen.net\/home\/ueber-mich\/","title":{"rendered":"\u00dcber mich"},"content":{"rendered":"<p><img width=\"300\" height=\"169\" src=\"http:\/\/menschenwesen.net\/wp-content\/uploads\/2024\/06\/JN_-300x169.jpg\" alt=\"\" decoding=\"async\" loading=\"lazy\" srcset=\"http:\/\/menschenwesen.net\/wp-content\/uploads\/2024\/06\/JN_-300x169.jpg 300w, http:\/\/menschenwesen.net\/wp-content\/uploads\/2024\/06\/JN_-1024x576.jpg 1024w, http:\/\/menschenwesen.net\/wp-content\/uploads\/2024\/06\/JN_-768x432.jpg 768w, http:\/\/menschenwesen.net\/wp-content\/uploads\/2024\/06\/JN_-1536x864.jpg 1536w, http:\/\/menschenwesen.net\/wp-content\/uploads\/2024\/06\/JN_-2048x1152.jpg 2048w\" sizes=\"(max-width: 300px) 100vw, 300px\" \/>\t\t\t\t\t\t\t\t\t\t\t\t\t\t<\/p>\n<p>Mein Name ist Jennifer Nahe.\u00a0<\/p>\n<p>Am Hamburgischen Institut f\u00fcr Systemische Weiterbildung, kurz HISW habe ich die Ausbildung die Ausbildung als zertifizierte systemische Beraterin absolviert. Diese ist <a href=\"https:\/\/dgsf.org\/zertifizierung\">zertifiziert durch die DGSF<\/a> &#8211; der Deutschen Gesellschaft f\u00fcr Systemische Therapie, Beratung und Familientherapie.<\/p>\n<p>Ich bin Grundschullehrerin f\u00fcr Mathematik und Sachunterricht und <strong>seit 2019 im Lehrberuf t\u00e4tig<\/strong>.<\/p>\n<p><strong>2016<\/strong> schloss ich erfolgreich meinen <strong>Master in Soziologie<\/strong> ab. W\u00e4hrenddessen war ich bereits in der Erwachsenenbildung t\u00e4tig. Au\u00dferdem engagierte ich mich in der <strong>freien Jugendarbeit <\/strong>am M\u00e4dchen*zentrum Eimsb\u00fcttel.<\/p>\n<p><strong>Seit 2018<\/strong> biete ich <strong>systemische Beratungen<\/strong> an, um meine Klient:innen in verschiedenen Angelegenheiten zu unterst\u00fctzen.<\/p>\n<p>Im Jahr <strong>2023<\/strong> habe ich meinen <strong>Seiteneinstieg<\/strong> zur Erlangung einer Lehrerlaubnis in Schleswig-Holstein erfolgreich <strong>abgeschlossen<\/strong>. <\/p>\n<p><strong>2024 <\/strong>begann ich meine zweij\u00e4hrige <strong>Ausbildung zur systemischen Supervisorin<\/strong>, um meine Kompetenzen weiter zu vertiefen. Gleichzeitig erweiterte ich Beratungsangebot.<\/p>\n<p>Mein Ansatz basiert auf der \u00dcberzeugung, dass jedes Individuum und jedes System \u00fcber eigene St\u00e4rken und Ressourcen verf\u00fcgt. Diese mitunter verdeckten Ressourcen gilt es (neu) zu entdecken und zu nutzen. In meiner Arbeit kombiniere ich meine p\u00e4dagogische Erfahrung mit den Prinzipien der systemischen Beratung. Meine Klient:innen finden so ganzheitliche und nachhaltige L\u00f6sungen f\u00fcr ihre Fragestellungen.<\/p>\n<p>Ich freue mich darauf, Sie kennenzulernen und gemeinsam Wege zu finden, wie wir Ihre Herausforderungen meistern und Ihre Ziele erreichen k\u00f6nnen.<\/p>\n<p>Herzliche Gr\u00fc\u00dfe,<\/p>\n<p>Jennifer Nahe<\/p>\n","protected":false},"excerpt":{"rendered":"<p>Mein Name ist Jennifer Nahe.\u00a0 Am Hamburgischen Institut f\u00fcr Systemische Weiterbildung, kurz HISW habe ich die Ausbildung die Ausbildung als zertifizierte systemische Beraterin absolviert. Diese ist zertifiziert durch die DGSF &#8211; der Deutschen Gesellschaft f\u00fcr Systemische Therapie, Beratung und Familientherapie. <span class=\"readmore\"><a href=\"https:\/\/menschenwesen.net\/home\/ueber-mich\/\">Continue Reading &#8230;<\/a><\/span><\/p>\n","protected":false},"author":1,"featured_media":0,"parent":0,"menu_order":0,"comment_status":"closed","ping_status":"closed","template":"","meta":{"_price":"","_stock":"","_tribe_ticket_header":"","_tribe_default_ticket_provider":"","_ticket_start_date":"","_ticket_end_date":"","_tribe_ticket_show_description":"","_tribe_ticket_use_global_stock":"","_tribe_ticket_global_stock_level":"","_global_stock_mode":"","_global_stock_cap":"","_tribe_rsvp_for_event":"","_tribe_ticket_going_count":"","_tribe_ticket_not_going_count":"","_tribe_tickets_list":[],"footnotes":""},"_links":{"self":[{"href":"https:\/\/menschenwesen.net\/home\/wp-json\/wp\/v2\/pages\/270"}],"collection":[{"href":"https:\/\/menschenwesen.net\/home\/wp-json\/wp\/v2\/pages"}],"about":[{"href":"https:\/\/menschenwesen.net\/home\/wp-json\/wp\/v2\/types\/page"}],"author":[{"embeddable":true,"href":"https:\/\/menschenwesen.net\/home\/wp-json\/wp\/v2\/users\/1"}],"replies":[{"embeddable":true,"href":"https:\/\/menschenwesen.net\/home\/wp-json\/wp\/v2\/comments?post=270"}],"version-history":[{"count":10,"href":"https:\/\/menschenwesen.net\/home\/wp-json\/wp\/v2\/pages\/270\/revisions"}],"predecessor-version":[{"id":330,"href":"https:\/\/menschenwesen.net\/home\/wp-json\/wp\/v2\/pages\/270\/revisions\/330"}],"wp:attachment":[{"href":"https:\/\/menschenwesen.net\/home\/wp-json\/wp\/v2\/media?parent=270"}],"curies":[{"name":"wp","href":"https:\/\/api.w.org\/{rel}","templated":true}]}}