{"id":9,"date":"2018-08-11T14:18:39","date_gmt":"2018-08-11T12:18:39","guid":{"rendered":"http:\/\/menschenwesen.net\/?page_id=9"},"modified":"2018-08-11T14:31:28","modified_gmt":"2018-08-11T12:31:28","slug":"kontakt","status":"publish","type":"page","link":"https:\/\/menschenwesen.net\/home\/kontakt\/","title":{"rendered":"Kontakt"},"content":{"rendered":"<h4>Kontakt<\/h4>\n<p>Liebe Menschenwesen, bei Fragen zu den Workshops, Sonderw\u00fcnschen oder sonstiger Neugierde benutzt bitte das nachfolgende Kontaktformular.<\/p>\n<p>Auch eine E-Mail an <em>kontakt@menschenwesen.net<\/em> wird beantwortet.<\/p>\n<div class=\"wpforms-container wpforms-container-full\" id=\"wpforms-65\"><form id=\"wpforms-form-65\" class=\"wpforms-validate wpforms-form\" data-formid=\"65\" method=\"post\" enctype=\"multipart\/form-data\" action=\"\/home\/wp-json\/wp\/v2\/pages\/9\"><div class=\"wpforms-field-container\"><div id=\"wpforms-65-field_1-container\" class=\"wpforms-field wpforms-field-email\" data-field-id=\"1\"><label class=\"wpforms-field-label\" for=\"wpforms-65-field_1\">E-Mail-Adresse <span class=\"wpforms-required-label\">*<\/span><\/label><input type=\"email\" id=\"wpforms-65-field_1\" class=\"wpforms-field-medium wpforms-field-required\" name=\"wpforms[fields][1]\" required><\/div><div id=\"wpforms-65-field_0-container\" class=\"wpforms-field wpforms-field-name\" data-field-id=\"0\"><label class=\"wpforms-field-label\" for=\"wpforms-65-field_0\">Name <span class=\"wpforms-required-label\">*<\/span><\/label><div class=\"wpforms-field-row wpforms-field-medium\"><div class=\"wpforms-field-row-block wpforms-first wpforms-one-half\"><input type=\"text\" id=\"wpforms-65-field_0\" class=\"wpforms-field-name-first wpforms-field-required\" name=\"wpforms[fields][0][first]\" required><label for=\"wpforms-65-field_0\" class=\"wpforms-field-sublabel after \">Vorname<\/label><\/div><div class=\"wpforms-field-row-block wpforms-one-half\"><input type=\"text\" id=\"wpforms-65-field_0-last\" class=\"wpforms-field-name-last wpforms-field-required\" name=\"wpforms[fields][0][last]\" required><label for=\"wpforms-65-field_0-last\" class=\"wpforms-field-sublabel after \">Nachname<\/label><\/div><\/div><\/div><div id=\"wpforms-65-field_2-container\" class=\"wpforms-field wpforms-field-textarea\" data-field-id=\"2\"><label class=\"wpforms-field-label\" for=\"wpforms-65-field_2\">Kommentar oder Nachricht <span class=\"wpforms-required-label\">*<\/span><\/label><textarea id=\"wpforms-65-field_2\" class=\"wpforms-field-medium wpforms-field-required\" name=\"wpforms[fields][2]\" required><\/textarea><div class=\"wpforms-field-description\">Wenn Sie eine telefonische Antwort w\u00fcnschen k\u00f6nnen Sie uns hier selbstverst\u00e4ndlich auch Ihre Telefonnummer zukommen lassen.<\/div><\/div><div id=\"wpforms-65-field_5-container\" class=\"wpforms-field wpforms-field-checkbox\" data-field-id=\"5\"><label class=\"wpforms-field-label\" for=\"wpforms-65-field_5\">Kontaktoptionen <span class=\"wpforms-required-label\">*<\/span><\/label><ul id=\"wpforms-65-field_5\" class=\"wpforms-field-required\"><li class=\"choice-1 depth-1\"><input type=\"checkbox\" id=\"wpforms-65-field_5_1\" name=\"wpforms[fields][5][]\" value=\"Ich stimme zu, E-Mail-Mitteilungen von menschenwesen.net und den Veranstalter*innen der Vortr\u00e4ge zu erhalten.\" required ><label class=\"wpforms-field-label-inline\" for=\"wpforms-65-field_5_1\">Ich stimme zu, E-Mail-Mitteilungen von menschenwesen.net und den Veranstalter*innen der Vortr\u00e4ge zu erhalten.<\/label><\/li><li class=\"choice-4 depth-1\"><input type=\"checkbox\" id=\"wpforms-65-field_5_4\" name=\"wpforms[fields][5][]\" value=\"Ich m\u00f6chte lediglich im Rahmen meiner Anfrage kontaktiert werden.\" required ><label class=\"wpforms-field-label-inline\" for=\"wpforms-65-field_5_4\">Ich m\u00f6chte lediglich im Rahmen meiner Anfrage kontaktiert werden.<\/label><\/li><\/ul><div class=\"wpforms-field-description\">Wir verwenden Ihre pers\u00f6nlichen Daten nur zur Verwaltung Ihres Anliegens. Wenn Sie damit einverstanden sind, dass wir Ihnen hin und wieder Informationen \u00fcber neue Workshops und Vortr\u00e4ge zukommen lassen d\u00fcrfen,  kreuzen Sie bitte unten an, dass wir Sie kontaktieren d\u00fcrfen. Ansonsten k\u00f6nnen wir Ihnen selbstst\u00e4ndig keine E-Mail zusenden und lediglich Ihr Anliegen bearbeiten.<\/div><\/div><\/div><div class=\"wpforms-field wpforms-field-hp\"><label for=\"wpforms-65-field-hp\" class=\"wpforms-field-label\">Website<\/label><input type=\"text\" name=\"wpforms[hp]\" id=\"wpforms-65-field-hp\" class=\"wpforms-field-medium\"><\/div><div class=\"wpforms-submit-container\" ><input type=\"hidden\" name=\"wpforms[id]\" value=\"65\"><input type=\"hidden\" name=\"wpforms[author]\" value=\"1\"><button type=\"submit\" name=\"wpforms[submit]\" class=\"wpforms-submit \" id=\"wpforms-submit-65\" value=\"wpforms-submit\" aria-live=\"assertive\" data-alt-text=\"Sende...\" data-submit-text=\"Senden\">Senden<\/button><\/div><\/form><\/div>  <!-- .wpforms-container -->\n","protected":false},"excerpt":{"rendered":"<p>Kontakt Liebe Menschenwesen, bei Fragen zu den Workshops, Sonderw\u00fcnschen oder sonstiger Neugierde benutzt bitte das nachfolgende Kontaktformular. Auch eine E-Mail an kontakt@menschenwesen.net wird beantwortet.<\/p>\n","protected":false},"author":1,"featured_media":68,"parent":0,"menu_order":0,"comment_status":"closed","ping_status":"closed","template":"","meta":{"_price":"","_stock":"","_tribe_ticket_header":"","_tribe_default_ticket_provider":"","_ticket_start_date":"","_ticket_end_date":"","_tribe_ticket_show_description":"","_tribe_ticket_use_global_stock":"","_tribe_ticket_global_stock_level":"","_global_stock_mode":"","_global_stock_cap":"","_tribe_rsvp_for_event":"","_tribe_ticket_going_count":"","_tribe_ticket_not_going_count":"","_tribe_tickets_list":[],"footnotes":""},"_links":{"self":[{"href":"https:\/\/menschenwesen.net\/home\/wp-json\/wp\/v2\/pages\/9"}],"collection":[{"href":"https:\/\/menschenwesen.net\/home\/wp-json\/wp\/v2\/pages"}],"about":[{"href":"https:\/\/menschenwesen.net\/home\/wp-json\/wp\/v2\/types\/page"}],"author":[{"embeddable":true,"href":"https:\/\/menschenwesen.net\/home\/wp-json\/wp\/v2\/users\/1"}],"replies":[{"embeddable":true,"href":"https:\/\/menschenwesen.net\/home\/wp-json\/wp\/v2\/comments?post=9"}],"version-history":[{"count":4,"href":"https:\/\/menschenwesen.net\/home\/wp-json\/wp\/v2\/pages\/9\/revisions"}],"predecessor-version":[{"id":67,"href":"https:\/\/menschenwesen.net\/home\/wp-json\/wp\/v2\/pages\/9\/revisions\/67"}],"wp:featuredmedia":[{"embeddable":true,"href":"https:\/\/menschenwesen.net\/home\/wp-json\/wp\/v2\/media\/68"}],"wp:attachment":[{"href":"https:\/\/menschenwesen.net\/home\/wp-json\/wp\/v2\/media?parent=9"}],"curies":[{"name":"wp","href":"https:\/\/api.w.org\/{rel}","templated":true}]}}